{"id":19491,"date":"2026-02-19T09:00:00","date_gmt":"2026-02-19T09:00:00","guid":{"rendered":"https:\/\/www.viscountcruises.co.uk\/?page_id=19491"},"modified":"2026-05-13T12:22:43","modified_gmt":"2026-05-13T11:22:43","slug":"vispera-de-ano-nuevo","status":"publish","type":"page","link":"http:\/\/www.viscountcruises.com\/es\/new-years-eve\/","title":{"rendered":"Vispera De A\u00f1o Nuevo"},"content":{"rendered":"<div data-elementor-type=\"wp-page\" data-elementor-id=\"19491\" class=\"elementor elementor-19491\" data-elementor-post-type=\"page\">\n\t\t\t\t\t\t<section class=\"elementor-section elementor-top-section elementor-element elementor-element-cdd1e13 elementor-section-boxed elementor-section-height-default elementor-section-height-default\" data-id=\"cdd1e13\" data-element_type=\"section\" data-e-type=\"section\">\n\t\t\t\t\t\t<div class=\"elementor-container elementor-column-gap-default\">\n\t\t\t\t\t<div class=\"elementor-column elementor-col-100 elementor-top-column elementor-element elementor-element-81b3b5a\" data-id=\"81b3b5a\" data-element_type=\"column\" data-e-type=\"column\">\n\t\t\t<div class=\"elementor-widget-wrap elementor-element-populated\">\n\t\t\t\t\t\t<div class=\"elementor-element elementor-element-aab9360 header-tag-line elementor-absolute elementor-invisible elementor-widget elementor-widget-text-editor\" data-id=\"aab9360\" data-element_type=\"widget\" data-e-type=\"widget\" data-settings=\"{&quot;_position&quot;:&quot;absolute&quot;,&quot;_animation&quot;:&quot;fadeIn&quot;}\" data-widget_type=\"text-editor.default\">\n\t\t\t\t<div class=\"elementor-widget-container\">\n\t\t\t\t\t\t\t\t\tVispera De A\u00f1o Nuevo\t\t\t\t\t\t\t\t<\/div>\n\t\t\t\t<\/div>\n\t\t\t\t\t<\/div>\n\t\t<\/div>\n\t\t\t\t\t<\/div>\n\t\t<\/section>\n\t\t\t\t<section class=\"elementor-section elementor-top-section elementor-element elementor-element-deb5663 content-box-single elementor-section-boxed elementor-section-height-default elementor-section-height-default\" data-id=\"deb5663\" data-element_type=\"section\" data-e-type=\"section\">\n\t\t\t\t\t\t<div class=\"elementor-container elementor-column-gap-default\">\n\t\t\t\t\t<div class=\"elementor-column elementor-col-100 elementor-top-column elementor-element elementor-element-29d3bf0\" data-id=\"29d3bf0\" data-element_type=\"column\" data-e-type=\"column\">\n\t\t\t<div class=\"elementor-widget-wrap elementor-element-populated\">\n\t\t\t\t\t\t<section class=\"elementor-section elementor-inner-section elementor-element elementor-element-d8ea22e elementor-section-boxed elementor-section-height-default elementor-section-height-default\" data-id=\"d8ea22e\" data-element_type=\"section\" data-e-type=\"section\">\n\t\t\t\t\t\t<div class=\"elementor-container elementor-column-gap-default\">\n\t\t\t\t\t<div class=\"elementor-column elementor-col-100 elementor-inner-column elementor-element elementor-element-46a11da\" data-id=\"46a11da\" data-element_type=\"column\" data-e-type=\"column\">\n\t\t\t<div class=\"elementor-widget-wrap elementor-element-populated\">\n\t\t\t\t\t\t<div class=\"elementor-element elementor-element-19ab460 elementor-widget elementor-widget-text-editor\" data-id=\"19ab460\" data-element_type=\"widget\" data-e-type=\"widget\" data-widget_type=\"text-editor.default\">\n\t\t\t\t<div class=\"elementor-widget-container\">\n\t\t\t\t\t\t\t\t\t<p>New Year&#8217;s Eve is one of the most exciting nights of the year &amp; a party boat on the River Thames is one of the best places to celebrate.<\/p><p>We currently do not have any New Year&#8217;s Eve cruises available but, any future availability will be displayed on this page.<\/p>\t\t\t\t\t\t\t\t<\/div>\n\t\t\t\t<\/div>\n\t\t\t\t<div class=\"elementor-element elementor-element-18f52fc elementor-hidden-desktop elementor-hidden-tablet elementor-hidden-mobile elementor-widget elementor-widget-text-editor\" data-id=\"18f52fc\" data-element_type=\"widget\" data-e-type=\"widget\" data-widget_type=\"text-editor.default\">\n\t\t\t\t<div class=\"elementor-widget-container\">\n\t\t\t\t\t\t\t\t\t<p>La v\u00edspera de A\u00f1o Nuevo es una de las noches m\u00e1s emocionantes del a\u00f1o y una fiesta en barco por el r\u00edo T\u00e1mesis es uno de los mejores lugares para celebrarlo. Disponemos de una variedad de opciones para Nochevieja, incluidas fiestas en barco compartidas y charters privados. Todos nuestros cruceros se realizan a bordo de c\u00f3modos barcos de pasajeros con asientos interiores y exteriores, calefacci\u00f3n y una variedad de refrigerios tambi\u00e9n disponibles.<\/p><p>Our popular shared New Year\u2019s Eve boat parties are a sell-out event and bring people back year after year. A New Year\u2019s Eve private charter is the perfect choice for groups looking for a unique way to celebrate the New Year. M.V Churchill is an executive private launch for 12 guests &amp; M.V Cockney Sparrow is a traditional Thames passenger boat for up to 50 guests.<\/p>\t\t\t\t\t\t\t\t<\/div>\n\t\t\t\t<\/div>\n\t\t\t\t<div class=\"elementor-element elementor-element-5ac105a elementor-hidden-desktop elementor-hidden-tablet elementor-hidden-mobile elementor-widget elementor-widget-button\" data-id=\"5ac105a\" data-element_type=\"widget\" data-e-type=\"widget\" data-no-translation=\"\" data-widget_type=\"button.default\">\n\t\t\t\t<div class=\"elementor-widget-container\">\n\t\t\t\t\t<style>.elementor-element-5ac105a{display:none !important}<\/style>\t\t\t\t<\/div>\n\t\t\t\t<\/div>\n\t\t\t\t<div class=\"elementor-element elementor-element-79a2e18 elementor-hidden-desktop elementor-hidden-tablet elementor-hidden-mobile elementor-widget elementor-widget-button\" data-id=\"79a2e18\" data-element_type=\"widget\" data-e-type=\"widget\" data-no-translation=\"\" data-widget_type=\"button.default\">\n\t\t\t\t<div class=\"elementor-widget-container\">\n\t\t\t\t\t<style>.elementor-element-79a2e18{display:none !important}<\/style>\t\t\t\t<\/div>\n\t\t\t\t<\/div>\n\t\t\t\t<div class=\"elementor-element elementor-element-d867bb6 elementor-hidden-desktop elementor-hidden-tablet elementor-hidden-mobile elementor-widget elementor-widget-button\" data-id=\"d867bb6\" data-element_type=\"widget\" data-e-type=\"widget\" data-no-translation=\"\" data-widget_type=\"button.default\">\n\t\t\t\t<div class=\"elementor-widget-container\">\n\t\t\t\t\t<style>.elementor-element-d867bb6{display:none !important}<\/style>\t\t\t\t<\/div>\n\t\t\t\t<\/div>\n\t\t\t\t<div class=\"elementor-element elementor-element-29e3529 elementor-hidden-desktop elementor-hidden-tablet elementor-hidden-mobile elementor-widget elementor-widget-button\" data-id=\"29e3529\" data-element_type=\"widget\" data-e-type=\"widget\" data-no-translation=\"\" data-widget_type=\"button.default\">\n\t\t\t\t<div class=\"elementor-widget-container\">\n\t\t\t\t\t<style>.elementor-element-29e3529{display:none !important}<\/style>\t\t\t\t<\/div>\n\t\t\t\t<\/div>\n\t\t\t\t<div class=\"elementor-element elementor-element-1d416e1 elementor-hidden-desktop elementor-hidden-tablet elementor-hidden-mobile elementor-widget elementor-widget-button\" data-id=\"1d416e1\" data-element_type=\"widget\" data-e-type=\"widget\" data-no-translation=\"\" data-widget_type=\"button.default\">\n\t\t\t\t<div class=\"elementor-widget-container\">\n\t\t\t\t\t\t\t\t\t<div class=\"elementor-button-wrapper\">\n\t\t\t\t\t<a class=\"elementor-button elementor-button-link elementor-size-sm\" href=\"https:\/\/www.viscountcruises.com\/wp-content\/uploads\/files\/brochures\/viscount-cruises-brochure-event-new-years-eve-es.pdf\" target=\"_blank\">\n\t\t\t\t\t\t<span class=\"elementor-button-content-wrapper\">\n\t\t\t\t\t\t\t\t\t<span class=\"elementor-button-text\">Descargar el folleto de Nochevieja<\/span>\n\t\t\t\t\t<\/span>\n\t\t\t\t\t<\/a>\n\t\t\t\t<\/div>\n\t\t\t\t\t\t\t\t<\/div>\n\t\t\t\t<\/div>\n\t\t\t\t<div class=\"elementor-element elementor-element-e6c73f8 elementor-hidden-desktop elementor-hidden-tablet elementor-hidden-mobile elementor-widget elementor-widget-text-editor\" data-id=\"e6c73f8\" data-element_type=\"widget\" data-e-type=\"widget\" data-widget_type=\"text-editor.default\">\n\t\t\t\t<div class=\"elementor-widget-container\">\n\t\t\t\t\t\t\t\t\t<p><strong>Descargar el Folleto de Nochevieja:<\/strong> <a href=\"https:\/\/www.viscountcruises.com\/wp-content\/uploads\/files\/brochures\/viscount-cruises-brochure-event-new-years-eve-es.pdf\" target=\"_blank\" rel=\"noopener\">English<\/a> | <a href=\"https:\/\/www.viscountcruises.com\/wp-content\/uploads\/files\/brochures\/viscount-cruises-brochure-event-new-years-eve-fr.pdf\" target=\"_blank\" rel=\"noopener\">Fran\u00e7ais<\/a> | <a href=\"https:\/\/www.viscountcruises.com\/wp-content\/uploads\/files\/brochures\/viscount-cruises-brochure-event-new-years-eve-de.pdf\" target=\"_blank\" rel=\"noopener\">Deutsche<\/a> | <a href=\"https:\/\/www.viscountcruises.com\/wp-content\/uploads\/files\/brochures\/viscount-cruises-brochure-event-new-years-eve-es.pdf\" target=\"_blank\" rel=\"noopener\">Espa\u00f1ol<\/a> | <a href=\"https:\/\/www.viscountcruises.com\/wp-content\/uploads\/files\/brochures\/viscount-cruises-brochure-event-new-years-eve-it.pdf\" target=\"_blank\" rel=\"noopener\">Italiano<\/a><\/p>\t\t\t\t\t\t\t\t<\/div>\n\t\t\t\t<\/div>\n\t\t\t\t\t<\/div>\n\t\t<\/div>\n\t\t\t\t\t<\/div>\n\t\t<\/section>\n\t\t\t\t\t<\/div>\n\t\t<\/div>\n\t\t\t\t\t<\/div>\n\t\t<\/section>\n\t\t\t\t<\/div>","protected":false},"excerpt":{"rendered":"<p>Unforgettable New Year&#8217;s Eve Cruises on London&#8217;s River Thames.<\/p>","protected":false},"author":178,"featured_media":107549,"parent":0,"menu_order":0,"comment_status":"closed","ping_status":"closed","template":"","meta":{"_acf_changed":false,"footnotes":""},"class_list":["post-19491","page","type-page","status-publish","has-post-thumbnail","hentry"],"acf":[],"yoast_head":"<!-- This site is optimized with the Yoast SEO plugin v27.6 - https:\/\/yoast.com\/product\/yoast-seo-wordpress\/ -->\n<title>New Year&#039;s Eve Boat Parties &amp; Cruises with Viscount Cruises<\/title>\n<meta name=\"description\" content=\"Unforgettable New Year&#039;s Eve Cruises on London&#039;s River Thames.\" \/>\n<meta name=\"robots\" content=\"index, follow, max-snippet:-1, max-image-preview:large, max-video-preview:-1\" \/>\n<link rel=\"canonical\" href=\"https:\/\/www.viscountcruises.com\/es\/vispera-de-ano-nuevo\/\" \/>\n<meta property=\"og:locale\" content=\"es_ES\" \/>\n<meta property=\"og:type\" content=\"article\" \/>\n<meta property=\"og:title\" content=\"New Year&#039;s Eve Boat Parties &amp; Cruises with Viscount Cruises\" \/>\n<meta property=\"og:description\" content=\"Unforgettable New Year&#039;s Eve Cruises on London&#039;s River Thames.\" \/>\n<meta property=\"og:url\" content=\"https:\/\/www.viscountcruises.com\/es\/vispera-de-ano-nuevo\/\" \/>\n<meta property=\"og:site_name\" content=\"Viscount Cruises\" \/>\n<meta property=\"article:publisher\" content=\"https:\/\/www.facebook.com\/Viscount-Cruises-869202513167565\/\" \/>\n<meta property=\"article:modified_time\" content=\"2026-05-13T11:22:43+00:00\" \/>\n<meta property=\"og:image\" content=\"https:\/\/www.viscountcruises.com\/wp-content\/uploads\/vc-header-new-years-eve-02.webp\" \/>\n\t<meta property=\"og:image:width\" content=\"1800\" \/>\n\t<meta property=\"og:image:height\" content=\"1200\" \/>\n\t<meta property=\"og:image:type\" content=\"image\/webp\" \/>\n<meta name=\"twitter:card\" content=\"summary_large_image\" \/>\n<meta name=\"twitter:site\" content=\"@viscountcruises\" \/>\n<meta name=\"twitter:label1\" content=\"Tiempo de lectura\" \/>\n\t<meta name=\"twitter:data1\" content=\"2 minutos\" \/>\n<script type=\"application\/ld+json\" class=\"yoast-schema-graph\">{\"@context\":\"https:\\\/\\\/schema.org\",\"@graph\":[{\"@type\":\"WebPage\",\"@id\":\"https:\\\/\\\/www.viscountcruises.com\\\/new-years-eve\\\/\",\"url\":\"https:\\\/\\\/www.viscountcruises.com\\\/new-years-eve\\\/\",\"name\":\"New Year's Eve Boat Parties & Cruises with Viscount Cruises\",\"isPartOf\":{\"@id\":\"https:\\\/\\\/www.viscountcruises.com\\\/#website\"},\"primaryImageOfPage\":{\"@id\":\"https:\\\/\\\/www.viscountcruises.com\\\/new-years-eve\\\/#primaryimage\"},\"image\":{\"@id\":\"https:\\\/\\\/www.viscountcruises.com\\\/new-years-eve\\\/#primaryimage\"},\"thumbnailUrl\":\"https:\\\/\\\/www.viscountcruises.com\\\/wp-content\\\/uploads\\\/vc-header-new-years-eve-02.webp\",\"datePublished\":\"2026-02-19T09:00:00+00:00\",\"dateModified\":\"2026-05-13T11:22:43+00:00\",\"description\":\"Unforgettable New Year's Eve Cruises on London's River Thames.\",\"breadcrumb\":{\"@id\":\"https:\\\/\\\/www.viscountcruises.com\\\/new-years-eve\\\/#breadcrumb\"},\"inLanguage\":\"es\",\"potentialAction\":[{\"@type\":\"ReadAction\",\"target\":[\"https:\\\/\\\/www.viscountcruises.com\\\/new-years-eve\\\/\"]}]},{\"@type\":\"ImageObject\",\"inLanguage\":\"es\",\"@id\":\"https:\\\/\\\/www.viscountcruises.com\\\/new-years-eve\\\/#primaryimage\",\"url\":\"https:\\\/\\\/www.viscountcruises.com\\\/wp-content\\\/uploads\\\/vc-header-new-years-eve-02.webp\",\"contentUrl\":\"https:\\\/\\\/www.viscountcruises.com\\\/wp-content\\\/uploads\\\/vc-header-new-years-eve-02.webp\",\"width\":1800,\"height\":1200,\"caption\":\"New Year's Eve Charters & Cruises with Viscount Cruises\"},{\"@type\":\"BreadcrumbList\",\"@id\":\"https:\\\/\\\/www.viscountcruises.com\\\/new-years-eve\\\/#breadcrumb\",\"itemListElement\":[{\"@type\":\"ListItem\",\"position\":1,\"name\":\"Viscount Cruises\",\"item\":\"https:\\\/\\\/www.viscountcruises.com\\\/\"},{\"@type\":\"ListItem\",\"position\":2,\"name\":\"New Year&#8217;s Eve\"}]},{\"@type\":\"WebSite\",\"@id\":\"https:\\\/\\\/www.viscountcruises.com\\\/#website\",\"url\":\"https:\\\/\\\/www.viscountcruises.com\\\/\",\"name\":\"Viscount Cruises\",\"description\":\"Boats for Every Occasion.\",\"publisher\":{\"@id\":\"https:\\\/\\\/www.viscountcruises.com\\\/#organization\"},\"potentialAction\":[{\"@type\":\"SearchAction\",\"target\":{\"@type\":\"EntryPoint\",\"urlTemplate\":\"https:\\\/\\\/www.viscountcruises.com\\\/?s={search_term_string}\"},\"query-input\":{\"@type\":\"PropertyValueSpecification\",\"valueRequired\":true,\"valueName\":\"search_term_string\"}}],\"inLanguage\":\"es\"},{\"@type\":\"Organization\",\"@id\":\"https:\\\/\\\/www.viscountcruises.com\\\/#organization\",\"name\":\"Viscount Cruises\",\"url\":\"https:\\\/\\\/www.viscountcruises.com\\\/\",\"logo\":{\"@type\":\"ImageObject\",\"inLanguage\":\"es\",\"@id\":\"https:\\\/\\\/www.viscountcruises.com\\\/#\\\/schema\\\/logo\\\/image\\\/\",\"url\":\"https:\\\/\\\/www.viscountcruises.com\\\/wp-content\\\/uploads\\\/Viscount-Cruises-Logo-Drop-Shadow-PNG-768-94.webp\",\"contentUrl\":\"https:\\\/\\\/www.viscountcruises.com\\\/wp-content\\\/uploads\\\/Viscount-Cruises-Logo-Drop-Shadow-PNG-768-94.webp\",\"width\":768,\"height\":94,\"caption\":\"Viscount Cruises\"},\"image\":{\"@id\":\"https:\\\/\\\/www.viscountcruises.com\\\/#\\\/schema\\\/logo\\\/image\\\/\"},\"sameAs\":[\"https:\\\/\\\/www.facebook.com\\\/Viscount-Cruises-869202513167565\\\/\",\"https:\\\/\\\/x.com\\\/viscountcruises\",\"https:\\\/\\\/www.instagram.com\\\/viscountcruises\\\/\",\"https:\\\/\\\/www.linkedin.com\\\/company\\\/viscount-cruises\",\"https:\\\/\\\/www.pinterest.com\\\/viscountcruises\\\/\"]}]}<\/script>\n<!-- \/ Yoast SEO plugin. -->","yoast_head_json":{"title":"Fiestas y Cruceros de Nochevieja con Viscount Cruises","description":"Cruceros inolvidables de Nochevieja por el r\u00edo T\u00e1mesis en Londres.","robots":{"index":"index","follow":"follow","max-snippet":"max-snippet:-1","max-image-preview":"max-image-preview:large","max-video-preview":"max-video-preview:-1"},"canonical":"https:\/\/www.viscountcruises.com\/es\/vispera-de-ano-nuevo\/","og_locale":"es_ES","og_type":"article","og_title":"New Year's Eve Boat Parties & Cruises with Viscount Cruises","og_description":"Unforgettable New Year's Eve Cruises on London's River Thames.","og_url":"https:\/\/www.viscountcruises.com\/es\/vispera-de-ano-nuevo\/","og_site_name":"Viscount Cruises","article_publisher":"https:\/\/www.facebook.com\/Viscount-Cruises-869202513167565\/","article_modified_time":"2026-05-13T11:22:43+00:00","og_image":[{"width":1800,"height":1200,"url":"https:\/\/www.viscountcruises.com\/wp-content\/uploads\/vc-header-new-years-eve-02.webp","type":"image\/webp"}],"twitter_card":"summary_large_image","twitter_site":"@viscountcruises","twitter_misc":{"Tiempo de lectura":"2 minutos"},"schema":{"@context":"https:\/\/schema.org","@graph":[{"@type":"WebPage","@id":"https:\/\/www.viscountcruises.com\/new-years-eve\/","url":"https:\/\/www.viscountcruises.com\/new-years-eve\/","name":"Fiestas y Cruceros de Nochevieja con Viscount Cruises","isPartOf":{"@id":"https:\/\/www.viscountcruises.com\/#website"},"primaryImageOfPage":{"@id":"https:\/\/www.viscountcruises.com\/new-years-eve\/#primaryimage"},"image":{"@id":"https:\/\/www.viscountcruises.com\/new-years-eve\/#primaryimage"},"thumbnailUrl":"https:\/\/www.viscountcruises.com\/wp-content\/uploads\/vc-header-new-years-eve-02.webp","datePublished":"2026-02-19T09:00:00+00:00","dateModified":"2026-05-13T11:22:43+00:00","description":"Cruceros inolvidables de Nochevieja por el r\u00edo T\u00e1mesis en Londres.","breadcrumb":{"@id":"https:\/\/www.viscountcruises.com\/new-years-eve\/#breadcrumb"},"inLanguage":"es","potentialAction":[{"@type":"ReadAction","target":["https:\/\/www.viscountcruises.com\/new-years-eve\/"]}]},{"@type":"ImageObject","inLanguage":"es","@id":"https:\/\/www.viscountcruises.com\/new-years-eve\/#primaryimage","url":"https:\/\/www.viscountcruises.com\/wp-content\/uploads\/vc-header-new-years-eve-02.webp","contentUrl":"https:\/\/www.viscountcruises.com\/wp-content\/uploads\/vc-header-new-years-eve-02.webp","width":1800,"height":1200,"caption":"New Year's Eve Charters & Cruises with Viscount Cruises"},{"@type":"BreadcrumbList","@id":"https:\/\/www.viscountcruises.com\/new-years-eve\/#breadcrumb","itemListElement":[{"@type":"ListItem","position":1,"name":"Viscount Cruises","item":"https:\/\/www.viscountcruises.com\/"},{"@type":"ListItem","position":2,"name":"New Year&#8217;s Eve"}]},{"@type":"WebSite","@id":"https:\/\/www.viscountcruises.com\/#website","url":"https:\/\/www.viscountcruises.com\/","name":"Viscount Cruises","description":"\"Barcos para cada ocasi\u00f3n\".","publisher":{"@id":"https:\/\/www.viscountcruises.com\/#organization"},"potentialAction":[{"@type":"SearchAction","target":{"@type":"EntryPoint","urlTemplate":"https:\/\/www.viscountcruises.com\/?s={search_term_string}"},"query-input":{"@type":"PropertyValueSpecification","valueRequired":true,"valueName":"search_term_string"}}],"inLanguage":"es"},{"@type":"Organization","@id":"https:\/\/www.viscountcruises.com\/#organization","name":"Viscount Cruises","url":"https:\/\/www.viscountcruises.com\/","logo":{"@type":"ImageObject","inLanguage":"es","@id":"https:\/\/www.viscountcruises.com\/#\/schema\/logo\/image\/","url":"https:\/\/www.viscountcruises.com\/wp-content\/uploads\/Viscount-Cruises-Logo-Drop-Shadow-PNG-768-94.webp","contentUrl":"https:\/\/www.viscountcruises.com\/wp-content\/uploads\/Viscount-Cruises-Logo-Drop-Shadow-PNG-768-94.webp","width":768,"height":94,"caption":"Viscount Cruises"},"image":{"@id":"https:\/\/www.viscountcruises.com\/#\/schema\/logo\/image\/"},"sameAs":["https:\/\/www.facebook.com\/Viscount-Cruises-869202513167565\/","https:\/\/x.com\/viscountcruises","https:\/\/www.instagram.com\/viscountcruises\/","https:\/\/www.linkedin.com\/company\/viscount-cruises","https:\/\/www.pinterest.com\/viscountcruises\/"]}]}},"_links":{"self":[{"href":"http:\/\/www.viscountcruises.com\/es\/wp-json\/wp\/v2\/pages\/19491","targetHints":{"allow":["GET"]}}],"collection":[{"href":"http:\/\/www.viscountcruises.com\/es\/wp-json\/wp\/v2\/pages"}],"about":[{"href":"http:\/\/www.viscountcruises.com\/es\/wp-json\/wp\/v2\/types\/page"}],"author":[{"embeddable":true,"href":"http:\/\/www.viscountcruises.com\/es\/wp-json\/wp\/v2\/users\/178"}],"replies":[{"embeddable":true,"href":"http:\/\/www.viscountcruises.com\/es\/wp-json\/wp\/v2\/comments?post=19491"}],"version-history":[{"count":9,"href":"http:\/\/www.viscountcruises.com\/es\/wp-json\/wp\/v2\/pages\/19491\/revisions"}],"predecessor-version":[{"id":109261,"href":"http:\/\/www.viscountcruises.com\/es\/wp-json\/wp\/v2\/pages\/19491\/revisions\/109261"}],"wp:featuredmedia":[{"embeddable":true,"href":"http:\/\/www.viscountcruises.com\/es\/wp-json\/wp\/v2\/media\/107549"}],"wp:attachment":[{"href":"http:\/\/www.viscountcruises.com\/es\/wp-json\/wp\/v2\/media?parent=19491"}],"curies":[{"name":"wp","href":"https:\/\/api.w.org\/{rel}","templated":true}]}}